{"id":3237,"date":"2024-06-15T10:29:44","date_gmt":"2024-06-15T08:29:44","guid":{"rendered":"https:\/\/www.new-hotel.com\/inscription-newsletter\/"},"modified":"2024-12-02T12:31:04","modified_gmt":"2024-12-02T11:31:04","slug":"inscription-newsletter","status":"publish","type":"page","link":"https:\/\/www.new-hotel.com\/es\/inscription-newsletter\/","title":{"rendered":"INSCRIPCI\u00d3N AL BOLET\u00cdN INFORMATIVO"},"content":{"rendered":"<section class=\"bloc-header\">\n            <div class=\"img-container\">\n            <img decoding=\"async\" src=\"https:\/\/www.new-hotel.com\/wp-content\/uploads\/2024\/04\/NH_20220908_NHROBLIN-075_HD-scaled.jpg\" title=\"NH_20220908_NHROBLIN-075_HD\">\n        <\/div>\n    \n    <div class=\"infos\">\n        <div class=\"title nh-big color-nh-beige\">New Hotel<\/div>\n\n        <div class=\"subtitle\">\n            <h1 class=\"title-mega color-nh-beige\">INSCRIPCI\u00d3N AL BOLET\u00cdN INFORMATIVO<\/h1>\n        <\/div>\n    <\/div>\n\n    <\/section>\n\n<section class=\"breadcrumb\">\n    <div class=\"breadcrumb--container bg-white\">\n        <a href=\"\" class=\"text-2 color-nh-black\">Recepci\u00f3n<\/a> &nbsp;>&nbsp;\n        <span class=\"text-2 color-nh-black fw-700\">INSCRIPCI\u00d3N AL BOLET\u00cdN INFORMATIVO<\/span>\n    <\/div>\n<\/section>\n\n\n    <section >\n        <div class=\"bg-white\">\n            <div class=\"wysiwyg\">\n                <p><span style=\"font-size: 18pt;\"><strong>Obt\u00e9n las \u00faltimas noticias de NewHotel<\/strong><\/span><\/p>\n<div class=\"\" style=\"min-height: calc(100vh - 15rem);\">\n<div class=\"l-center-container\">\n<div class=\"sc-ckVGcZ jslhpj\">\n<h1 class=\"sc-jKJlTe iclkhW\"><\/h1>\n<\/div>\n<div>\n<div class=\"sc-bdVaJa iIDDUy\">\n<div>\n<form id=\"subForm\" class=\"js-cm-form\" action=\"https:\/\/www.createsend.com\/t\/subscribeerror?description=\" method=\"post\" data-id=\"191722FC90141D02184CB1B62AB3DC26BE0B7B0F6DFD945717035DE3D1E3DBE42DA48F90F24209F8BE01DCE86178A2784A620579894DE9B610814D76BB58C9DE\">\n<div class=\"sc-cSHVUG jZSLFe\">\n<div class=\"sc-cSHVUG kXIIFK\">\n<div><label class=\"sc-gzVnrw dEVaGV\">Apellido <span class=\"sc-dnqmqq iFTUZ\">*<\/span><\/label><input id=\"fieldName\" class=\"sc-gZMcBi dshyOS\" maxlength=\"200\" name=\"cm-f-jujkluk\" required=\"\" type=\"text\"  aria-label=\"Nom\" \/><\/div>\n<\/div>\n<div class=\"sc-cSHVUG kXIIFK\">\n<div><label class=\"sc-gzVnrw dEVaGV\">Nombre <span class=\"sc-dnqmqq iFTUZ\">*<\/span><\/label><input id=\"fieldjuokjd\" class=\"sc-gZMcBi dshyOS\" maxlength=\"200\" name=\"cm-f-jujkluu\" required=\"\" type=\"text\" aria-label=\"Pr\u00e9nom\" \/><\/div>\n<\/div>\n<div class=\"sc-cSHVUG kXIIFK\">\n<div><label class=\"sc-gzVnrw dEVaGV\">Direcci\u00f3n de email <span class=\"sc-dnqmqq iFTUZ\">*<\/span><\/label><input id=\"fieldEmail\" class=\"js-cm-email-input qa-input-email sc-gZMcBi dshyOS\" autocomplete=\"Email\" maxlength=\"200\" name=\"cm-trjjdtd-trjjdtd\" required=\"\" type=\"email\" aria-label=\"Adresse \u00e9lectronique\" \/><\/div>\n<\/div>\n<div class=\"sc-cSHVUG kXIIFK\">\n<div><label class=\"sc-gzVnrw dEVaGV\">N\u00famero de tel\u00e9fono <\/label><input id=\"fieldjuokjk\" class=\"sc-gZMcBi dshyOS\" maxlength=\"200\" name=\"cm-f-jujkol\" type=\"number\" aria-label=\"T\u00e9l\u00e9phone\" \/><\/div>\n<\/div>\n<div class=\"sc-cSHVUG jZSLFe\">\n<div>\n<div class=\"sc-kkGfuU jxYifo\"><\/div>\n<div class=\"sc-cSHVUG jZSLFe\">\n<div>\n<div>\n<div class=\"sc-bwzfXH ebeRtN\">\n<div style=\"display: flex; justify-content: flex-start; align-items: center; margin-bottom: 20px;\"><input id=\"cm-privacy-consent\" class=\"qa-checkbox-cm-privacy-consent sc-bZQynM eKOoKL\" name=\"cm-privacy-consent\" required=\"\" type=\"checkbox\" aria-required=\"\" \/><label class=\"sc-bxivhb cOxhZt\" for=\"cm-privacy-consent\">Al marcar esta casilla, consiento recibir comunicaciones de marketing, boletines informativos y ofertas promocionales de New Hotel. Entiendo que puedo darme de baja en cualquier momento.<\/label><\/div>\n<div id=\"cm-privacy-consent-required-label\" class=\"sc-EHOje jMsntP\">*<\/div>\n<\/div>\n<\/div>\n<p><input id=\"cm-privacy-consent-hidden\" name=\"cm-privacy-email\" type=\"hidden\" value=\"true\" \/><\/p>\n<\/div>\n<div>\n<div>\n<div class=\"sc-bwzfXH ebeRtN\">\n<div style=\"display: flex; justify-content: flex-start; align-items: center; margin-bottom: 20px;\"><input id=\"cm-privacy-consent-2\" class=\"qa-checkbox-cm-privacy-consent sc-bZQynM eKOoKL\" name=\"cm-privacy-consent\" required=\"\" type=\"checkbox\" aria-required=\"\" \/><label class=\"sc-bxivhb cOxhZt\" for=\"cm-privacy-consent-2\">Al marcar esta casilla, acepto que mis datos personales proporcionados a trav\u00e9s de este formulario sean utilizados y procesados de acuerdo con la pol\u00edtica de privacidad de este sitio.<\/label><\/div>\n<div id=\"cm-privacy-email-required-label\" class=\"sc-EHOje jMsntP\" hidden=\"\">*<\/div>\n<\/div>\n<\/div>\n<p><input id=\"cm-privacy-email-hidden\" name=\"cm-privacy-email-hidden\" type=\"hidden\" value=\"true\" \/><\/p>\n<\/div>\n<\/div>\n<\/div>\n<\/div>\n<\/div>\n<p><button class=\"js-cm-submit-button sc-jWBwVP fClqPV\" type=\"submit\">Subscribe<\/button><\/p>\n<\/form>\n<\/div>\n<\/div>\n<\/div>\n<\/div>\n<\/div>\n<style>.iIDDUy {background: rgb(255, 255, 255);border-radius: 0.3125rem;max-width: 35.25rem;margin-left: auto;margin-right: auto;padding: 2.5rem 2.75rem;position: relative;}  .ebeRtN {align-items: flex-start;display: flex;}  .cOxhZt {font-size: 0.875rem;padding-left: 0.5rem;overflow-wrap: break-word;word-break: break-word;font-family: Helvetica, Arial, sans-serif;color: rgb(67, 77, 93);position: relative;top: 2px;}  .jMsntP {color: rgb(221, 54, 42);font-weight: 400;font-size: 0.75rem;margin-left: 0.125rem;}  .eKOoKL {flex-shrink: 0;height: 1rem;position: relative;top: 0.08rem;width: 1rem;}  .dEVaGV {font-family: Helvetica, Arial, sans-serif;color: rgb(93, 93, 101);display: block;font-size: 0.875rem;font-weight: 400;margin-bottom: 0.5rem;}  .iFTUZ {color: rgb(221, 54, 42);}  .dshyOS {appearance: none;background-color: rgb(255, 255, 255);border: 0px;border-radius: 0.1875rem;box-sizing: border-box;box-shadow: rgba(142, 154, 173, 0.1) 0px 2px 0px 0px inset, rgb(210, 215, 223) 0px 0px 0px 1px inset, rgb(255, 255, 255) 0px 1px 0px 0px;color: rgb(67, 77, 93);font-size: 0.875rem;line-height: 1.5;min-height: 2.8125rem;outline: 0px;padding: 0.75rem 1rem;transition: box-shadow 0.2s ease 0s;width: 100%;}  .dshyOS:focus {box-shadow: transparent 0px 0px 0px 0px inset, rgb(80, 156, 246) 0px 0px 0px 1px inset, rgba(80, 156, 246, 0.25) 0px 0px 0px 2px;}  .jZSLFe {margin-bottom: 1.5rem;}  .kXIIFK {margin-bottom: 1rem;}  .jslhpj {margin-left: auto;margin-right: auto;max-width: 29.125rem;padding-bottom: 3.125rem;}  .iclkhW {font-size: 3rem;text-align: center;letter-spacing: -1px;line-height: 1.17;-webkit-font-smoothing: antialiased;font-weight: 900;font-family: Lato, sans-serif;color: rgb(0, 0, 0);}  .hCabFv {font-size: 16px;font-family: Helvetica, Arial, sans-serif;color: rgb(25, 169, 229);}  .jxYifo {border-bottom: 1px solid rgb(210, 215, 223);margin-bottom: 0.75rem;padding-top: 0.75rem;}  .iWwGmW {margin-bottom: 0.25rem;}  @-webkit-keyframes iECmZH { 0% {transform: rotate(0deg);} 100% {transform: rotate(360deg);} }  @keyframes iECmZH { 0% {transform: rotate(0deg);} 100% {transform: rotate(360deg);} }  .fClqPV {background-color: #DF0B0A;border: none;border-radius: 3px;color: rgb(255, 255, 255);display: inline-block;font-family: Helvetica, Arial, sans-serif;font-size: 1rem;font-style: normal;font-weight: 700;line-height: 1;outline: 0px;padding: 0.75rem 1.5rem;text-decoration: none;transition: background-color 0.1s ease-in 0s, box-shadow 0.1s ease-in 0s;}  .fClqPV:hover {cursor: pointer;}  a, abbr, address, article, aside, b, blockquote, body, caption, cite, code, dd, details, dialog, div, dl, dt, em, fieldset, figcaption, figure, footer, form, h1, h2, h3, h4, h5, h6, header, html, i, iframe, img, label, legend, li, main, menu, nav, object, ol, p, pre, section, small, span, strong, sub, summary, sup, table, tbody, td, tfoot, th, thead, time, tr, u, ul {border: 0px;margin: 0px;padding: 0px;}  *, ::after, ::before {box-sizing: inherit;}  html {font-family: \"Helvetica Neue\", Arial, sans-serif;font-size: 16px;}  h1, h2, h3, h4, h5, h6, html {color: rgb(67, 77, 93);font-weight: 400;line-height: 1.5;}  a {color: rgb(25, 169, 229);text-decoration: underline;}  button, label, p {overflow-wrap: break-word;word-break: break-word;}<\/style>\n<p><script src=\"https:\/\/ajax.googleapis.com\/ajax\/libs\/webfont\/1.6.26\/webfont.js\"><\/script><script>WebFont.load({google: {families: ['Lato:900:latin', 'Lato:300:latin', 'Playfair+Display:700italic:latin', 'Merriweather:700:latin', 'Crete+Round::latin', 'PT+Sans+Narrow:700:latin']}});<\/script><script type=\"text\/javascript\" src=\"https:\/\/js.createsend1.com\/javascript\/copypastesubscribeformlogic.js\"><\/script><\/p>\n            <\/div>\n        <\/div>\n    <\/section>\n","protected":false},"excerpt":{"rendered":"","protected":false},"author":1,"featured_media":0,"parent":0,"menu_order":0,"comment_status":"closed","ping_status":"closed","template":"","meta":{"_acf_changed":false,"inline_featured_image":false,"_monsterinsights_skip_tracking":false,"_monsterinsights_sitenote_active":false,"_monsterinsights_sitenote_note":"","_monsterinsights_sitenote_category":0,"footnotes":""},"class_list":["post-3237","page","type-page","status-publish","hentry"],"acf":[],"yoast_head":"<!-- This site is optimized with the Yoast SEO plugin v26.8 - https:\/\/yoast.com\/product\/yoast-seo-wordpress\/ -->\n<title>Suscr\u00edbete a nuestro bolet\u00edn | New Hotel<\/title>\n<meta name=\"description\" content=\"Siga las novedades de nuestros hoteles en Par\u00eds, Marsella y Bruselas, nuestras buenas ofertas, nuestras promociones y mucho m\u00e1s.\" \/>\n<meta name=\"robots\" content=\"index, follow, max-snippet:-1, max-image-preview:large, max-video-preview:-1\" \/>\n<link rel=\"canonical\" href=\"https:\/\/www.new-hotel.com\/es\/inscription-newsletter\/\" \/>\n<meta property=\"og:locale\" content=\"es_ES\" \/>\n<meta property=\"og:type\" content=\"article\" \/>\n<meta property=\"og:title\" content=\"Suscr\u00edbete a nuestro bolet\u00edn | New Hotel\" \/>\n<meta property=\"og:description\" content=\"Siga las novedades de nuestros hoteles en Par\u00eds, Marsella y Bruselas, nuestras buenas ofertas, nuestras promociones y mucho m\u00e1s.\" \/>\n<meta property=\"og:url\" content=\"https:\/\/www.new-hotel.com\/es\/inscription-newsletter\/\" \/>\n<meta property=\"og:site_name\" content=\"New Hotel\" \/>\n<meta property=\"article:publisher\" content=\"https:\/\/www.facebook.com\/newhotelgroup\" \/>\n<meta property=\"article:modified_time\" content=\"2024-12-02T11:31:04+00:00\" \/>\n<meta name=\"twitter:card\" content=\"summary_large_image\" \/>\n<script type=\"application\/ld+json\" class=\"yoast-schema-graph\">{\"@context\":\"https:\/\/schema.org\",\"@graph\":[{\"@type\":\"WebPage\",\"@id\":\"https:\/\/www.new-hotel.com\/es\/inscription-newsletter\/\",\"url\":\"https:\/\/www.new-hotel.com\/es\/inscription-newsletter\/\",\"name\":\"Suscr\u00edbete a nuestro bolet\u00edn | New Hotel\",\"isPartOf\":{\"@id\":\"https:\/\/www.new-hotel.com\/es\/#website\"},\"datePublished\":\"2024-06-15T08:29:44+00:00\",\"dateModified\":\"2024-12-02T11:31:04+00:00\",\"description\":\"Siga las novedades de nuestros hoteles en Par\u00eds, Marsella y Bruselas, nuestras buenas ofertas, nuestras promociones y mucho m\u00e1s.\",\"breadcrumb\":{\"@id\":\"https:\/\/www.new-hotel.com\/es\/inscription-newsletter\/#breadcrumb\"},\"inLanguage\":\"es\",\"potentialAction\":[{\"@type\":\"ReadAction\",\"target\":[\"https:\/\/www.new-hotel.com\/es\/inscription-newsletter\/\"]}]},{\"@type\":\"BreadcrumbList\",\"@id\":\"https:\/\/www.new-hotel.com\/es\/inscription-newsletter\/#breadcrumb\",\"itemListElement\":[{\"@type\":\"ListItem\",\"position\":1,\"name\":\"Home\",\"item\":\"https:\/\/www.new-hotel.com\/es\/\"},{\"@type\":\"ListItem\",\"position\":2,\"name\":\"INSCRIPCI\u00d3N AL BOLET\u00cdN INFORMATIVO\"}]},{\"@type\":\"WebSite\",\"@id\":\"https:\/\/www.new-hotel.com\/es\/#website\",\"url\":\"https:\/\/www.new-hotel.com\/es\/\",\"name\":\"New Hotel\",\"description\":\"\",\"publisher\":{\"@id\":\"https:\/\/www.new-hotel.com\/es\/#organization\"},\"potentialAction\":[{\"@type\":\"SearchAction\",\"target\":{\"@type\":\"EntryPoint\",\"urlTemplate\":\"https:\/\/www.new-hotel.com\/es\/?s={search_term_string}\"},\"query-input\":{\"@type\":\"PropertyValueSpecification\",\"valueRequired\":true,\"valueName\":\"search_term_string\"}}],\"inLanguage\":\"es\"},{\"@type\":\"Organization\",\"@id\":\"https:\/\/www.new-hotel.com\/es\/#organization\",\"name\":\"New Hotel\",\"url\":\"https:\/\/www.new-hotel.com\/es\/\",\"logo\":{\"@type\":\"ImageObject\",\"inLanguage\":\"es\",\"@id\":\"https:\/\/www.new-hotel.com\/es\/#\/schema\/logo\/image\/\",\"url\":\"https:\/\/www.new-hotel.com\/wp-content\/uploads\/2024\/09\/logo-new-hotel.jpg\",\"contentUrl\":\"https:\/\/www.new-hotel.com\/wp-content\/uploads\/2024\/09\/logo-new-hotel.jpg\",\"width\":1772,\"height\":1772,\"caption\":\"New Hotel\"},\"image\":{\"@id\":\"https:\/\/www.new-hotel.com\/es\/#\/schema\/logo\/image\/\"},\"sameAs\":[\"https:\/\/www.facebook.com\/newhotelgroup\",\"https:\/\/www.instagram.com\/newhotelgroup\/\"]}]}<\/script>\n<!-- \/ Yoast SEO plugin. -->","yoast_head_json":{"title":"Suscr\u00edbete a nuestro bolet\u00edn | New Hotel","description":"Siga las novedades de nuestros hoteles en Par\u00eds, Marsella y Bruselas, nuestras buenas ofertas, nuestras promociones y mucho m\u00e1s.","robots":{"index":"index","follow":"follow","max-snippet":"max-snippet:-1","max-image-preview":"max-image-preview:large","max-video-preview":"max-video-preview:-1"},"canonical":"https:\/\/www.new-hotel.com\/es\/inscription-newsletter\/","og_locale":"es_ES","og_type":"article","og_title":"Suscr\u00edbete a nuestro bolet\u00edn | New Hotel","og_description":"Siga las novedades de nuestros hoteles en Par\u00eds, Marsella y Bruselas, nuestras buenas ofertas, nuestras promociones y mucho m\u00e1s.","og_url":"https:\/\/www.new-hotel.com\/es\/inscription-newsletter\/","og_site_name":"New Hotel","article_publisher":"https:\/\/www.facebook.com\/newhotelgroup","article_modified_time":"2024-12-02T11:31:04+00:00","twitter_card":"summary_large_image","schema":{"@context":"https:\/\/schema.org","@graph":[{"@type":"WebPage","@id":"https:\/\/www.new-hotel.com\/es\/inscription-newsletter\/","url":"https:\/\/www.new-hotel.com\/es\/inscription-newsletter\/","name":"Suscr\u00edbete a nuestro bolet\u00edn | New Hotel","isPartOf":{"@id":"https:\/\/www.new-hotel.com\/es\/#website"},"datePublished":"2024-06-15T08:29:44+00:00","dateModified":"2024-12-02T11:31:04+00:00","description":"Siga las novedades de nuestros hoteles en Par\u00eds, Marsella y Bruselas, nuestras buenas ofertas, nuestras promociones y mucho m\u00e1s.","breadcrumb":{"@id":"https:\/\/www.new-hotel.com\/es\/inscription-newsletter\/#breadcrumb"},"inLanguage":"es","potentialAction":[{"@type":"ReadAction","target":["https:\/\/www.new-hotel.com\/es\/inscription-newsletter\/"]}]},{"@type":"BreadcrumbList","@id":"https:\/\/www.new-hotel.com\/es\/inscription-newsletter\/#breadcrumb","itemListElement":[{"@type":"ListItem","position":1,"name":"Home","item":"https:\/\/www.new-hotel.com\/es\/"},{"@type":"ListItem","position":2,"name":"INSCRIPCI\u00d3N AL BOLET\u00cdN INFORMATIVO"}]},{"@type":"WebSite","@id":"https:\/\/www.new-hotel.com\/es\/#website","url":"https:\/\/www.new-hotel.com\/es\/","name":"New Hotel","description":"","publisher":{"@id":"https:\/\/www.new-hotel.com\/es\/#organization"},"potentialAction":[{"@type":"SearchAction","target":{"@type":"EntryPoint","urlTemplate":"https:\/\/www.new-hotel.com\/es\/?s={search_term_string}"},"query-input":{"@type":"PropertyValueSpecification","valueRequired":true,"valueName":"search_term_string"}}],"inLanguage":"es"},{"@type":"Organization","@id":"https:\/\/www.new-hotel.com\/es\/#organization","name":"New Hotel","url":"https:\/\/www.new-hotel.com\/es\/","logo":{"@type":"ImageObject","inLanguage":"es","@id":"https:\/\/www.new-hotel.com\/es\/#\/schema\/logo\/image\/","url":"https:\/\/www.new-hotel.com\/wp-content\/uploads\/2024\/09\/logo-new-hotel.jpg","contentUrl":"https:\/\/www.new-hotel.com\/wp-content\/uploads\/2024\/09\/logo-new-hotel.jpg","width":1772,"height":1772,"caption":"New Hotel"},"image":{"@id":"https:\/\/www.new-hotel.com\/es\/#\/schema\/logo\/image\/"},"sameAs":["https:\/\/www.facebook.com\/newhotelgroup","https:\/\/www.instagram.com\/newhotelgroup\/"]}]}},"_links":{"self":[{"href":"https:\/\/www.new-hotel.com\/es\/wp-json\/wp\/v2\/pages\/3237","targetHints":{"allow":["GET"]}}],"collection":[{"href":"https:\/\/www.new-hotel.com\/es\/wp-json\/wp\/v2\/pages"}],"about":[{"href":"https:\/\/www.new-hotel.com\/es\/wp-json\/wp\/v2\/types\/page"}],"author":[{"embeddable":true,"href":"https:\/\/www.new-hotel.com\/es\/wp-json\/wp\/v2\/users\/1"}],"replies":[{"embeddable":true,"href":"https:\/\/www.new-hotel.com\/es\/wp-json\/wp\/v2\/comments?post=3237"}],"version-history":[{"count":13,"href":"https:\/\/www.new-hotel.com\/es\/wp-json\/wp\/v2\/pages\/3237\/revisions"}],"predecessor-version":[{"id":3719,"href":"https:\/\/www.new-hotel.com\/es\/wp-json\/wp\/v2\/pages\/3237\/revisions\/3719"}],"wp:attachment":[{"href":"https:\/\/www.new-hotel.com\/es\/wp-json\/wp\/v2\/media?parent=3237"}],"curies":[{"name":"wp","href":"https:\/\/api.w.org\/{rel}","templated":true}]}}