{"id":3215,"date":"2024-06-15T10:29:31","date_gmt":"2024-06-15T08:29:31","guid":{"rendered":"https:\/\/www.new-hotel.com\/meilleur-tarif-garanti\/"},"modified":"2024-09-03T16:55:32","modified_gmt":"2024-09-03T14:55:32","slug":"meilleur-tarif-garanti","status":"publish","type":"page","link":"https:\/\/www.new-hotel.com\/es\/meilleur-tarif-garanti\/","title":{"rendered":"MEJOR TARIFA GARANTIZADA"},"content":{"rendered":"<section class=\"bloc-header\">\n            <div class=\"img-container\">\n            <img decoding=\"async\" src=\"https:\/\/www.new-hotel.com\/wp-content\/uploads\/2024\/04\/roblin.jpg\" title=\"roblin\">\n        <\/div>\n    \n    <div class=\"infos\">\n        <div class=\"title nh-big color-nh-beige\">New Hotel<\/div>\n\n        <div class=\"subtitle\">\n            <h1 class=\"title-mega color-nh-beige\">MEJOR TARIFA GARANTIZADA<br \/>\r\nEN NUESTRO SITIO WEB<\/h1>\n        <\/div>\n    <\/div>\n\n    <\/section>\n\n<section class=\"breadcrumb\">\n    <div class=\"breadcrumb--container bg-white\">\n        <a href=\"\" class=\"text-2 color-nh-black\">Recepci\u00f3n<\/a> &nbsp;>&nbsp;\n        <span class=\"text-2 color-nh-black fw-700\">MEJOR TARIFA GARANTIZADA<\/span>\n    <\/div>\n<\/section>\n\n\n    <section >\n        <div class=\"bg-white\">\n            <div class=\"wysiwyg\">\n                <h2 class=\"chapo\"><strong>\u00a1NEW HOTEL TE GARANTIZA LA MEJOR TARIFA!<\/strong><\/h2>\n<p>Al reservar tu habitaci\u00f3n de hotel directamente en <a href=\"https:\/\/www.new-hotel.com\" target=\"_new\" rel=\"noreferrer\">www.new-hotel.com<\/a>, te garantizamos la mejor tarifa disponible en Internet.<\/p>\n<p>Si deseas reservar una habitaci\u00f3n en uno de nuestros establecimientos, obtendr\u00e1s la mejor tarifa para el mismo hotel, el mismo tipo de habitaci\u00f3n y las mismas fechas en comparaci\u00f3n con todos los otros sitios, adem\u00e1s del de New Hotel.<\/p>\n<p>Al hacer tu reserva a trav\u00e9s de un sitio tercero, perder\u00e1s la ventaja del mejor precio, y tambi\u00e9n la garant\u00eda de un servicio m\u00e1s cercano al cliente al pasar por un intermediario durante la reserva de tu estancia.<\/p>\n<p>La Mejor Tarifa Garantizada aplicada en nuestro sitio web te permite disfrutar de un servicio de calidad al mejor precio.<\/p>\n<p><strong>5 buenas razones para reservar en nuestro sitio web:<\/strong><\/p>\n<ul>\n<li>La Mejor Tarifa Garantizada<\/li>\n<li>Un manejo directo de tu reserva por parte del equipo del hotel<\/li>\n<li>Sin tarifas de reserva<\/li>\n<li>Pago seguro<\/li>\n<li>Reserva 24\/7 desde cualquier dispositivo<\/li>\n<\/ul>\n<p>\u00a1No dudes en descubrir las promociones de nuestros hoteles en Marsella, Par\u00eds o Bruselas!<\/p>\n<p>Entre ellas, descubre nuestras ofertas no anulables, a tarifas muy ventajosas:<\/p>\n<ul>\n<li><strong>Reserva anticipada<\/strong>: Oferta reservable hasta 20 d\u00edas antes de la fecha de llegada.<\/li>\n<li><strong>Oferta no anulable<\/strong>: Oferta reservable entre 3 y 19 d\u00edas antes de la fecha de llegada.<\/li>\n<li><strong>Oferta \u00faltima hora<\/strong>: Oferta reservable a partir de 3 d\u00edas antes de la fecha de llegada.<\/li>\n<\/ul>\n<p>Y tambi\u00e9n nuestras ofertas sin restricciones, modificables y cancelables, para mayor flexibilidad en la organizaci\u00f3n de tu estancia:<\/p>\n<ul>\n<li><strong>Mejor tarifa sin restricciones<\/strong><\/li>\n<li><strong>Paquete de desayuno<\/strong> (tarifa preferencial para el desayuno)<\/li>\n<\/ul>\n            <\/div>\n        <\/div>\n    <\/section>\n","protected":false},"excerpt":{"rendered":"","protected":false},"author":1,"featured_media":0,"parent":0,"menu_order":0,"comment_status":"closed","ping_status":"closed","template":"","meta":{"_acf_changed":false,"inline_featured_image":false,"_monsterinsights_skip_tracking":false,"_monsterinsights_sitenote_active":false,"_monsterinsights_sitenote_note":"","_monsterinsights_sitenote_category":0,"footnotes":""},"class_list":["post-3215","page","type-page","status-publish","hentry"],"acf":[],"yoast_head":"<!-- This site is optimized with the Yoast SEO plugin v26.8 - https:\/\/yoast.com\/product\/yoast-seo-wordpress\/ -->\n<title>Mejor tarifa garantizada para nuestros hoteles al reservar directamente | New Hotel<\/title>\n<meta name=\"description\" content=\"Benef\u00edciese del mejor servicio y la tarifa m\u00e1s econ\u00f3mica reservando su habitaci\u00f3n directamente en nuestro sitio.\" \/>\n<meta name=\"robots\" content=\"index, follow, max-snippet:-1, max-image-preview:large, max-video-preview:-1\" \/>\n<link rel=\"canonical\" href=\"https:\/\/www.new-hotel.com\/es\/meilleur-tarif-garanti\/\" \/>\n<meta property=\"og:locale\" content=\"es_ES\" \/>\n<meta property=\"og:type\" content=\"article\" \/>\n<meta property=\"og:title\" content=\"Mejor tarifa garantizada para nuestros hoteles al reservar directamente | New Hotel\" \/>\n<meta property=\"og:description\" content=\"Benef\u00edciese del mejor servicio y la tarifa m\u00e1s econ\u00f3mica reservando su habitaci\u00f3n directamente en nuestro sitio.\" \/>\n<meta property=\"og:url\" content=\"https:\/\/www.new-hotel.com\/es\/meilleur-tarif-garanti\/\" \/>\n<meta property=\"og:site_name\" content=\"New Hotel\" \/>\n<meta property=\"article:publisher\" content=\"https:\/\/www.facebook.com\/newhotelgroup\" \/>\n<meta property=\"article:modified_time\" content=\"2024-09-03T14:55:32+00:00\" \/>\n<meta name=\"twitter:card\" content=\"summary_large_image\" \/>\n<script type=\"application\/ld+json\" class=\"yoast-schema-graph\">{\"@context\":\"https:\/\/schema.org\",\"@graph\":[{\"@type\":\"WebPage\",\"@id\":\"https:\/\/www.new-hotel.com\/es\/meilleur-tarif-garanti\/\",\"url\":\"https:\/\/www.new-hotel.com\/es\/meilleur-tarif-garanti\/\",\"name\":\"Mejor tarifa garantizada para nuestros hoteles al reservar directamente | New Hotel\",\"isPartOf\":{\"@id\":\"https:\/\/www.new-hotel.com\/es\/#website\"},\"datePublished\":\"2024-06-15T08:29:31+00:00\",\"dateModified\":\"2024-09-03T14:55:32+00:00\",\"description\":\"Benef\u00edciese del mejor servicio y la tarifa m\u00e1s econ\u00f3mica reservando su habitaci\u00f3n directamente en nuestro sitio.\",\"breadcrumb\":{\"@id\":\"https:\/\/www.new-hotel.com\/es\/meilleur-tarif-garanti\/#breadcrumb\"},\"inLanguage\":\"es\",\"potentialAction\":[{\"@type\":\"ReadAction\",\"target\":[\"https:\/\/www.new-hotel.com\/es\/meilleur-tarif-garanti\/\"]}]},{\"@type\":\"BreadcrumbList\",\"@id\":\"https:\/\/www.new-hotel.com\/es\/meilleur-tarif-garanti\/#breadcrumb\",\"itemListElement\":[{\"@type\":\"ListItem\",\"position\":1,\"name\":\"Home\",\"item\":\"https:\/\/www.new-hotel.com\/es\/\"},{\"@type\":\"ListItem\",\"position\":2,\"name\":\"MEJOR TARIFA GARANTIZADA\"}]},{\"@type\":\"WebSite\",\"@id\":\"https:\/\/www.new-hotel.com\/es\/#website\",\"url\":\"https:\/\/www.new-hotel.com\/es\/\",\"name\":\"New Hotel\",\"description\":\"\",\"publisher\":{\"@id\":\"https:\/\/www.new-hotel.com\/es\/#organization\"},\"potentialAction\":[{\"@type\":\"SearchAction\",\"target\":{\"@type\":\"EntryPoint\",\"urlTemplate\":\"https:\/\/www.new-hotel.com\/es\/?s={search_term_string}\"},\"query-input\":{\"@type\":\"PropertyValueSpecification\",\"valueRequired\":true,\"valueName\":\"search_term_string\"}}],\"inLanguage\":\"es\"},{\"@type\":\"Organization\",\"@id\":\"https:\/\/www.new-hotel.com\/es\/#organization\",\"name\":\"New Hotel\",\"url\":\"https:\/\/www.new-hotel.com\/es\/\",\"logo\":{\"@type\":\"ImageObject\",\"inLanguage\":\"es\",\"@id\":\"https:\/\/www.new-hotel.com\/es\/#\/schema\/logo\/image\/\",\"url\":\"https:\/\/www.new-hotel.com\/wp-content\/uploads\/2024\/09\/logo-new-hotel.jpg\",\"contentUrl\":\"https:\/\/www.new-hotel.com\/wp-content\/uploads\/2024\/09\/logo-new-hotel.jpg\",\"width\":1772,\"height\":1772,\"caption\":\"New Hotel\"},\"image\":{\"@id\":\"https:\/\/www.new-hotel.com\/es\/#\/schema\/logo\/image\/\"},\"sameAs\":[\"https:\/\/www.facebook.com\/newhotelgroup\",\"https:\/\/www.instagram.com\/newhotelgroup\/\"]}]}<\/script>\n<!-- \/ Yoast SEO plugin. -->","yoast_head_json":{"title":"Mejor tarifa garantizada para nuestros hoteles al reservar directamente | New Hotel","description":"Benef\u00edciese del mejor servicio y la tarifa m\u00e1s econ\u00f3mica reservando su habitaci\u00f3n directamente en nuestro sitio.","robots":{"index":"index","follow":"follow","max-snippet":"max-snippet:-1","max-image-preview":"max-image-preview:large","max-video-preview":"max-video-preview:-1"},"canonical":"https:\/\/www.new-hotel.com\/es\/meilleur-tarif-garanti\/","og_locale":"es_ES","og_type":"article","og_title":"Mejor tarifa garantizada para nuestros hoteles al reservar directamente | New Hotel","og_description":"Benef\u00edciese del mejor servicio y la tarifa m\u00e1s econ\u00f3mica reservando su habitaci\u00f3n directamente en nuestro sitio.","og_url":"https:\/\/www.new-hotel.com\/es\/meilleur-tarif-garanti\/","og_site_name":"New Hotel","article_publisher":"https:\/\/www.facebook.com\/newhotelgroup","article_modified_time":"2024-09-03T14:55:32+00:00","twitter_card":"summary_large_image","schema":{"@context":"https:\/\/schema.org","@graph":[{"@type":"WebPage","@id":"https:\/\/www.new-hotel.com\/es\/meilleur-tarif-garanti\/","url":"https:\/\/www.new-hotel.com\/es\/meilleur-tarif-garanti\/","name":"Mejor tarifa garantizada para nuestros hoteles al reservar directamente | New Hotel","isPartOf":{"@id":"https:\/\/www.new-hotel.com\/es\/#website"},"datePublished":"2024-06-15T08:29:31+00:00","dateModified":"2024-09-03T14:55:32+00:00","description":"Benef\u00edciese del mejor servicio y la tarifa m\u00e1s econ\u00f3mica reservando su habitaci\u00f3n directamente en nuestro sitio.","breadcrumb":{"@id":"https:\/\/www.new-hotel.com\/es\/meilleur-tarif-garanti\/#breadcrumb"},"inLanguage":"es","potentialAction":[{"@type":"ReadAction","target":["https:\/\/www.new-hotel.com\/es\/meilleur-tarif-garanti\/"]}]},{"@type":"BreadcrumbList","@id":"https:\/\/www.new-hotel.com\/es\/meilleur-tarif-garanti\/#breadcrumb","itemListElement":[{"@type":"ListItem","position":1,"name":"Home","item":"https:\/\/www.new-hotel.com\/es\/"},{"@type":"ListItem","position":2,"name":"MEJOR TARIFA GARANTIZADA"}]},{"@type":"WebSite","@id":"https:\/\/www.new-hotel.com\/es\/#website","url":"https:\/\/www.new-hotel.com\/es\/","name":"New Hotel","description":"","publisher":{"@id":"https:\/\/www.new-hotel.com\/es\/#organization"},"potentialAction":[{"@type":"SearchAction","target":{"@type":"EntryPoint","urlTemplate":"https:\/\/www.new-hotel.com\/es\/?s={search_term_string}"},"query-input":{"@type":"PropertyValueSpecification","valueRequired":true,"valueName":"search_term_string"}}],"inLanguage":"es"},{"@type":"Organization","@id":"https:\/\/www.new-hotel.com\/es\/#organization","name":"New Hotel","url":"https:\/\/www.new-hotel.com\/es\/","logo":{"@type":"ImageObject","inLanguage":"es","@id":"https:\/\/www.new-hotel.com\/es\/#\/schema\/logo\/image\/","url":"https:\/\/www.new-hotel.com\/wp-content\/uploads\/2024\/09\/logo-new-hotel.jpg","contentUrl":"https:\/\/www.new-hotel.com\/wp-content\/uploads\/2024\/09\/logo-new-hotel.jpg","width":1772,"height":1772,"caption":"New Hotel"},"image":{"@id":"https:\/\/www.new-hotel.com\/es\/#\/schema\/logo\/image\/"},"sameAs":["https:\/\/www.facebook.com\/newhotelgroup","https:\/\/www.instagram.com\/newhotelgroup\/"]}]}},"_links":{"self":[{"href":"https:\/\/www.new-hotel.com\/es\/wp-json\/wp\/v2\/pages\/3215","targetHints":{"allow":["GET"]}}],"collection":[{"href":"https:\/\/www.new-hotel.com\/es\/wp-json\/wp\/v2\/pages"}],"about":[{"href":"https:\/\/www.new-hotel.com\/es\/wp-json\/wp\/v2\/types\/page"}],"author":[{"embeddable":true,"href":"https:\/\/www.new-hotel.com\/es\/wp-json\/wp\/v2\/users\/1"}],"replies":[{"embeddable":true,"href":"https:\/\/www.new-hotel.com\/es\/wp-json\/wp\/v2\/comments?post=3215"}],"version-history":[{"count":2,"href":"https:\/\/www.new-hotel.com\/es\/wp-json\/wp\/v2\/pages\/3215\/revisions"}],"predecessor-version":[{"id":3219,"href":"https:\/\/www.new-hotel.com\/es\/wp-json\/wp\/v2\/pages\/3215\/revisions\/3219"}],"wp:attachment":[{"href":"https:\/\/www.new-hotel.com\/es\/wp-json\/wp\/v2\/media?parent=3215"}],"curies":[{"name":"wp","href":"https:\/\/api.w.org\/{rel}","templated":true}]}}