{"id":3191,"date":"2024-06-15T10:29:55","date_gmt":"2024-06-15T08:29:55","guid":{"rendered":"https:\/\/www.new-hotel.com\/?page_id=3191"},"modified":"2025-12-10T16:52:36","modified_gmt":"2025-12-10T15:52:36","slug":"profesionales-y-grupos","status":"publish","type":"page","link":"https:\/\/www.new-hotel.com\/es\/profesionales-y-grupos\/","title":{"rendered":"PROFESIONALES Y GRUPOS"},"content":{"rendered":"<section class=\"bloc-header\">\n            <div class=\"img-container\">\n            <img decoding=\"async\" src=\"https:\/\/www.new-hotel.com\/wp-content\/uploads\/2024\/04\/sans_titre-14.jpg\" title=\"sans_titre-14\">\n        <\/div>\n    \n    <div class=\"infos\">\n        <div class=\"title nh-big color-nh-beige\">New Hotel<\/div>\n\n        <div class=\"subtitle\">\n            <h1 class=\"title-mega color-nh-beige\">PROFESIONALES Y GRUPOS<\/h1>\n        <\/div>\n    <\/div>\n\n    <\/section>\n\n<section class=\"breadcrumb\">\n    <div class=\"breadcrumb--container bg-white\">\n        <a href=\"\" class=\"text-2 color-nh-black\">Recepci\u00f3n<\/a> &nbsp;>&nbsp;\n        <span class=\"text-2 color-nh-black fw-700\">PROFESIONALES Y GRUPOS<\/span>\n    <\/div>\n<\/section>\n\n\n    <section >\n        <div class=\"bg-white\">\n            <div class=\"wysiwyg\">\n                <h2>ORGANIZACI\u00d3N DE REUNIONES Y SEMINARIOS EN MARSELLA Y BRUSELAS<\/h2>\n<p>New Hotel le facilita la organizaci\u00f3n de sus seminarios. Un interlocutor \u00fanico para encargarse por completo de su evento (reuni\u00f3n, conferencia, comida de negocios, actividades al aire libre, etc.). No dude en ponerse en contacto con nosotros para alquilar salas de reuniones en Marsella y Bruselas. Todos nuestros hoteles gozan de una ubicaci\u00f3n ideal en el centro de la ciudad. Nuestras 5 salas de seminarios en Marsella y Bruselas disponen de luz natural y est\u00e1n equipadas con las \u00faltimas tecnolog\u00edas.<\/p>\n<p>Wifi gratuito en todas nuestras salas.<\/p>\n<p>Descubra nuestras salas de <strong>seminarios en Marsella y Bruselas:<\/p>\n<p><\/strong><\/p>\n<ul>\n<li><strong>P\u00f3ngase en contacto con New Hotel Of Marseille :<\/strong><br \/>\n04 91 315 315<br \/>\n<a href=\"https:\/\/www.new-hotel.com\/es\/contactanos\/?hotel-name=new-hotel-of-marseille\"><strong>Cont\u00e1ctenos<\/strong> &gt;&gt;<\/a><\/li>\n<\/ul>\n<div class=\"row relative\">\n<div class=\"col-md-10 col-md-offset-1 col-lg-8 col-lg-offset-2\">\n<ul>\n<li><strong>Contacto New Hotel Charlemagne Bruselas :<\/strong><br \/>\n+32 223 02 135<br \/>\n<a href=\"https:\/\/www.new-hotel.com\/es\/contactanos\/?hotel-name=new-hotel-charlemagne\"><strong>Cont\u00e1ctenos &gt;&gt;<\/strong><\/a><\/li>\n<\/ul>\n<\/div>\n<\/div>\n            <\/div>\n        <\/div>\n    <\/section>\n\n\n\n    <section class=\"bloc-slider-photos\" >\n        <div class=\"bloc-slider-photos--container\">\n            <div class=\"swiper bloc-slider-photo-slider\">\n                <div class=\"swiper-wrapper\">\n                                            <div class=\"swiper-slide masked\">\n                            <div class=\"img-container\">\n                                <img decoding=\"async\" src=\"https:\/\/www.new-hotel.com\/wp-content\/uploads\/2024\/04\/sans_titre-15.jpg\" title=\"sans_titre-15\">\n                            <\/div>\n\n                            <div class=\"img-infos\">\n                                <div class=\"info-title text-1 color-nh-beige fw-700\"><\/div>\n                                <div class=\"info-text-1 text-2 color-nh-beige\"><\/div>\n                                <div class=\"info-text-2 text-2 color-nh-beige\"><\/div>\n                            <\/div>\n                        <\/div>\n                                            <div class=\"swiper-slide masked\">\n                            <div class=\"img-container\">\n                                <img decoding=\"async\" src=\"https:\/\/www.new-hotel.com\/wp-content\/uploads\/2024\/04\/salle_honorine2.jpg\" title=\"salle_honorine2\">\n                            <\/div>\n\n                            <div class=\"img-infos\">\n                                <div class=\"info-title text-1 color-nh-beige fw-700\"><\/div>\n                                <div class=\"info-text-1 text-2 color-nh-beige\"><\/div>\n                                <div class=\"info-text-2 text-2 color-nh-beige\"><\/div>\n                            <\/div>\n                        <\/div>\n                                            <div class=\"swiper-slide masked\">\n                            <div class=\"img-container\">\n                                <img decoding=\"async\" src=\"https:\/\/www.new-hotel.com\/wp-content\/uploads\/2024\/04\/hotel_design_of_marseille_seminaire.jpg\" title=\"hotel_design_of_marseille_seminaire\">\n                            <\/div>\n\n                            <div class=\"img-infos\">\n                                <div class=\"info-title text-1 color-nh-beige fw-700\"><\/div>\n                                <div class=\"info-text-1 text-2 color-nh-beige\"><\/div>\n                                <div class=\"info-text-2 text-2 color-nh-beige\"><\/div>\n                            <\/div>\n                        <\/div>\n                                    <\/div>\n\n                <div class=\"swiper-button-prev reverse\"><img decoding=\"async\" src=\"https:\/\/www.new-hotel.com\/wp-content\/themes\/new-hotel\/assets\/images\/svg\/arrow-white.svg\" alt=\"previous\"><\/div>\n                <div class=\"swiper-button-next\"><img decoding=\"async\" src=\"https:\/\/www.new-hotel.com\/wp-content\/themes\/new-hotel\/assets\/images\/svg\/arrow-white.svg\" alt=\"next\"><\/div>\n            <\/div>\n        <\/div>\n    <\/section>\n\n\n\n    <section >\n        <div class=\"bg-white\">\n            <div class=\"wysiwyg\">\n                <h2>OPERADORES TUR\u00cdSTICOS Y AGENCIAS<\/h2>\n<p>\u00bfEres profesional del turismo y buscas un hotel agradable para uno de tus clientes?<br \/>\nNuestro equipo est\u00e1 a su disposici\u00f3n y le ofrece una amplia gama de hoteles y diferentes estilos. Para un grupo o individuos, una estancia familiar o una escapada cultural, New Hotel ofrece instalaciones y confort aptos para todos. \u201cSiempre hay un Nuevo Hotel que se adapta a ti\u201d.<\/p>\n<p>No dude en contactarnos para cualquier informaci\u00f3n al <strong>04 91 59 82 95<\/strong> o en <a href=\"mailto:turismo@new-hotel.com\"><strong>turismo@new-hotel.com<\/strong><\/a><\/p>\n<p><img decoding=\"async\" src=\"https:\/\/www.new-hotel.com\/wp-content\/uploads\/2024\/12\/Code-IATA-NH-ES.png\" \/><\/p>\n<p>Para agencias de viajes: ingrese su c\u00f3digo IATA y benef\u00edciese de una promoci\u00f3n reservando directamente en nuestro sitio.<\/p>\n            <\/div>\n        <\/div>\n    <\/section>\n","protected":false},"excerpt":{"rendered":"","protected":false},"author":6,"featured_media":0,"parent":0,"menu_order":0,"comment_status":"closed","ping_status":"closed","template":"","meta":{"_acf_changed":false,"inline_featured_image":false,"_monsterinsights_skip_tracking":false,"_monsterinsights_sitenote_active":false,"_monsterinsights_sitenote_note":"","_monsterinsights_sitenote_category":0,"footnotes":""},"class_list":["post-3191","page","type-page","status-publish","hentry"],"acf":[],"yoast_head":"<!-- This site is optimized with the Yoast SEO plugin v26.8 - https:\/\/yoast.com\/product\/yoast-seo-wordpress\/ -->\n<title>Salas para seminarios y grupos en Marsella, Par\u00eds y Bruselas | New Hotel<\/title>\n<meta name=\"description\" content=\"New Hotel facilita la organizaci\u00f3n de sus seminarios. Un \u00fanico contacto para un soporte integral para su evento (reuni\u00f3n, congreso, comidas de empresa, actividades al aire libre, etc.).\" \/>\n<meta name=\"robots\" content=\"index, follow, max-snippet:-1, max-image-preview:large, max-video-preview:-1\" \/>\n<link rel=\"canonical\" href=\"https:\/\/www.new-hotel.com\/es\/profesionales-y-grupos\/\" \/>\n<meta property=\"og:locale\" content=\"es_ES\" \/>\n<meta property=\"og:type\" content=\"article\" \/>\n<meta property=\"og:title\" content=\"Salas para seminarios y grupos en Marsella, Par\u00eds y Bruselas | New Hotel\" \/>\n<meta property=\"og:description\" content=\"New Hotel facilita la organizaci\u00f3n de sus seminarios. Un \u00fanico contacto para un soporte integral para su evento (reuni\u00f3n, congreso, comidas de empresa, actividades al aire libre, etc.).\" \/>\n<meta property=\"og:url\" content=\"https:\/\/www.new-hotel.com\/es\/profesionales-y-grupos\/\" \/>\n<meta property=\"og:site_name\" content=\"New Hotel\" \/>\n<meta property=\"article:publisher\" content=\"https:\/\/www.facebook.com\/newhotelgroup\" \/>\n<meta property=\"article:modified_time\" content=\"2025-12-10T15:52:36+00:00\" \/>\n<meta name=\"twitter:card\" content=\"summary_large_image\" \/>\n<script type=\"application\/ld+json\" class=\"yoast-schema-graph\">{\"@context\":\"https:\/\/schema.org\",\"@graph\":[{\"@type\":\"WebPage\",\"@id\":\"https:\/\/www.new-hotel.com\/es\/profesionales-y-grupos\/\",\"url\":\"https:\/\/www.new-hotel.com\/es\/profesionales-y-grupos\/\",\"name\":\"Salas para seminarios y grupos en Marsella, Par\u00eds y Bruselas | New Hotel\",\"isPartOf\":{\"@id\":\"https:\/\/www.new-hotel.com\/es\/#website\"},\"datePublished\":\"2024-06-15T08:29:55+00:00\",\"dateModified\":\"2025-12-10T15:52:36+00:00\",\"description\":\"New Hotel facilita la organizaci\u00f3n de sus seminarios. Un \u00fanico contacto para un soporte integral para su evento (reuni\u00f3n, congreso, comidas de empresa, actividades al aire libre, etc.).\",\"breadcrumb\":{\"@id\":\"https:\/\/www.new-hotel.com\/es\/profesionales-y-grupos\/#breadcrumb\"},\"inLanguage\":\"es\",\"potentialAction\":[{\"@type\":\"ReadAction\",\"target\":[\"https:\/\/www.new-hotel.com\/es\/profesionales-y-grupos\/\"]}]},{\"@type\":\"BreadcrumbList\",\"@id\":\"https:\/\/www.new-hotel.com\/es\/profesionales-y-grupos\/#breadcrumb\",\"itemListElement\":[{\"@type\":\"ListItem\",\"position\":1,\"name\":\"Home\",\"item\":\"https:\/\/www.new-hotel.com\/es\/\"},{\"@type\":\"ListItem\",\"position\":2,\"name\":\"PROFESIONALES Y GRUPOS\"}]},{\"@type\":\"WebSite\",\"@id\":\"https:\/\/www.new-hotel.com\/es\/#website\",\"url\":\"https:\/\/www.new-hotel.com\/es\/\",\"name\":\"New Hotel\",\"description\":\"\",\"publisher\":{\"@id\":\"https:\/\/www.new-hotel.com\/es\/#organization\"},\"potentialAction\":[{\"@type\":\"SearchAction\",\"target\":{\"@type\":\"EntryPoint\",\"urlTemplate\":\"https:\/\/www.new-hotel.com\/es\/?s={search_term_string}\"},\"query-input\":{\"@type\":\"PropertyValueSpecification\",\"valueRequired\":true,\"valueName\":\"search_term_string\"}}],\"inLanguage\":\"es\"},{\"@type\":\"Organization\",\"@id\":\"https:\/\/www.new-hotel.com\/es\/#organization\",\"name\":\"New Hotel\",\"url\":\"https:\/\/www.new-hotel.com\/es\/\",\"logo\":{\"@type\":\"ImageObject\",\"inLanguage\":\"es\",\"@id\":\"https:\/\/www.new-hotel.com\/es\/#\/schema\/logo\/image\/\",\"url\":\"https:\/\/www.new-hotel.com\/wp-content\/uploads\/2024\/09\/logo-new-hotel.jpg\",\"contentUrl\":\"https:\/\/www.new-hotel.com\/wp-content\/uploads\/2024\/09\/logo-new-hotel.jpg\",\"width\":1772,\"height\":1772,\"caption\":\"New Hotel\"},\"image\":{\"@id\":\"https:\/\/www.new-hotel.com\/es\/#\/schema\/logo\/image\/\"},\"sameAs\":[\"https:\/\/www.facebook.com\/newhotelgroup\",\"https:\/\/www.instagram.com\/newhotelgroup\/\"]}]}<\/script>\n<!-- \/ Yoast SEO plugin. -->","yoast_head_json":{"title":"Salas para seminarios y grupos en Marsella, Par\u00eds y Bruselas | New Hotel","description":"New Hotel facilita la organizaci\u00f3n de sus seminarios. Un \u00fanico contacto para un soporte integral para su evento (reuni\u00f3n, congreso, comidas de empresa, actividades al aire libre, etc.).","robots":{"index":"index","follow":"follow","max-snippet":"max-snippet:-1","max-image-preview":"max-image-preview:large","max-video-preview":"max-video-preview:-1"},"canonical":"https:\/\/www.new-hotel.com\/es\/profesionales-y-grupos\/","og_locale":"es_ES","og_type":"article","og_title":"Salas para seminarios y grupos en Marsella, Par\u00eds y Bruselas | New Hotel","og_description":"New Hotel facilita la organizaci\u00f3n de sus seminarios. Un \u00fanico contacto para un soporte integral para su evento (reuni\u00f3n, congreso, comidas de empresa, actividades al aire libre, etc.).","og_url":"https:\/\/www.new-hotel.com\/es\/profesionales-y-grupos\/","og_site_name":"New Hotel","article_publisher":"https:\/\/www.facebook.com\/newhotelgroup","article_modified_time":"2025-12-10T15:52:36+00:00","twitter_card":"summary_large_image","schema":{"@context":"https:\/\/schema.org","@graph":[{"@type":"WebPage","@id":"https:\/\/www.new-hotel.com\/es\/profesionales-y-grupos\/","url":"https:\/\/www.new-hotel.com\/es\/profesionales-y-grupos\/","name":"Salas para seminarios y grupos en Marsella, Par\u00eds y Bruselas | New Hotel","isPartOf":{"@id":"https:\/\/www.new-hotel.com\/es\/#website"},"datePublished":"2024-06-15T08:29:55+00:00","dateModified":"2025-12-10T15:52:36+00:00","description":"New Hotel facilita la organizaci\u00f3n de sus seminarios. Un \u00fanico contacto para un soporte integral para su evento (reuni\u00f3n, congreso, comidas de empresa, actividades al aire libre, etc.).","breadcrumb":{"@id":"https:\/\/www.new-hotel.com\/es\/profesionales-y-grupos\/#breadcrumb"},"inLanguage":"es","potentialAction":[{"@type":"ReadAction","target":["https:\/\/www.new-hotel.com\/es\/profesionales-y-grupos\/"]}]},{"@type":"BreadcrumbList","@id":"https:\/\/www.new-hotel.com\/es\/profesionales-y-grupos\/#breadcrumb","itemListElement":[{"@type":"ListItem","position":1,"name":"Home","item":"https:\/\/www.new-hotel.com\/es\/"},{"@type":"ListItem","position":2,"name":"PROFESIONALES Y GRUPOS"}]},{"@type":"WebSite","@id":"https:\/\/www.new-hotel.com\/es\/#website","url":"https:\/\/www.new-hotel.com\/es\/","name":"New Hotel","description":"","publisher":{"@id":"https:\/\/www.new-hotel.com\/es\/#organization"},"potentialAction":[{"@type":"SearchAction","target":{"@type":"EntryPoint","urlTemplate":"https:\/\/www.new-hotel.com\/es\/?s={search_term_string}"},"query-input":{"@type":"PropertyValueSpecification","valueRequired":true,"valueName":"search_term_string"}}],"inLanguage":"es"},{"@type":"Organization","@id":"https:\/\/www.new-hotel.com\/es\/#organization","name":"New Hotel","url":"https:\/\/www.new-hotel.com\/es\/","logo":{"@type":"ImageObject","inLanguage":"es","@id":"https:\/\/www.new-hotel.com\/es\/#\/schema\/logo\/image\/","url":"https:\/\/www.new-hotel.com\/wp-content\/uploads\/2024\/09\/logo-new-hotel.jpg","contentUrl":"https:\/\/www.new-hotel.com\/wp-content\/uploads\/2024\/09\/logo-new-hotel.jpg","width":1772,"height":1772,"caption":"New Hotel"},"image":{"@id":"https:\/\/www.new-hotel.com\/es\/#\/schema\/logo\/image\/"},"sameAs":["https:\/\/www.facebook.com\/newhotelgroup","https:\/\/www.instagram.com\/newhotelgroup\/"]}]}},"_links":{"self":[{"href":"https:\/\/www.new-hotel.com\/es\/wp-json\/wp\/v2\/pages\/3191","targetHints":{"allow":["GET"]}}],"collection":[{"href":"https:\/\/www.new-hotel.com\/es\/wp-json\/wp\/v2\/pages"}],"about":[{"href":"https:\/\/www.new-hotel.com\/es\/wp-json\/wp\/v2\/types\/page"}],"author":[{"embeddable":true,"href":"https:\/\/www.new-hotel.com\/es\/wp-json\/wp\/v2\/users\/6"}],"replies":[{"embeddable":true,"href":"https:\/\/www.new-hotel.com\/es\/wp-json\/wp\/v2\/comments?post=3191"}],"version-history":[{"count":9,"href":"https:\/\/www.new-hotel.com\/es\/wp-json\/wp\/v2\/pages\/3191\/revisions"}],"predecessor-version":[{"id":4337,"href":"https:\/\/www.new-hotel.com\/es\/wp-json\/wp\/v2\/pages\/3191\/revisions\/4337"}],"wp:attachment":[{"href":"https:\/\/www.new-hotel.com\/es\/wp-json\/wp\/v2\/media?parent=3191"}],"curies":[{"name":"wp","href":"https:\/\/api.w.org\/{rel}","templated":true}]}}