{"id":2188,"date":"2024-04-15T09:38:14","date_gmt":"2024-04-15T07:38:14","guid":{"rendered":"https:\/\/www.new-hotel.com\/?page_id=2188"},"modified":"2026-04-01T12:01:48","modified_gmt":"2026-04-01T10:01:48","slug":"pagina-de-inicio","status":"publish","type":"page","link":"https:\/\/www.new-hotel.com\/es\/","title":{"rendered":"P\u00e1gina de inicio"},"content":{"rendered":"","protected":false},"excerpt":{"rendered":"","protected":false},"author":6,"featured_media":0,"parent":0,"menu_order":0,"comment_status":"closed","ping_status":"closed","template":"template-home.php","meta":{"_acf_changed":false,"inline_featured_image":false,"_monsterinsights_skip_tracking":false,"_monsterinsights_sitenote_active":false,"_monsterinsights_sitenote_note":"","_monsterinsights_sitenote_category":0,"footnotes":""},"class_list":["post-2188","page","type-page","status-publish","hentry"],"acf":[],"yoast_head":"<!-- This site is optimized with the Yoast SEO plugin v26.8 - https:\/\/yoast.com\/product\/yoast-seo-wordpress\/ -->\n<title>Hoteles en Par\u00eds, Marsella y Bruselas, 3 y 4 estrellas | New Hotel<\/title>\n<meta name=\"description\" content=\"Cada uno de los 9 hoteles es \u00fanico y est\u00e1 impregnado de la atm\u00f3sfera de una ciudad, un barrio, una \u00e9poca. Todos ellos se benefician de una ubicaci\u00f3n excepcional en las ciudades de Par\u00eds, Marsella y Bruselas.\" \/>\n<meta name=\"robots\" content=\"index, follow, max-snippet:-1, max-image-preview:large, max-video-preview:-1\" \/>\n<link rel=\"canonical\" href=\"https:\/\/www.new-hotel.com\/es\/\" \/>\n<meta property=\"og:locale\" content=\"es_ES\" \/>\n<meta property=\"og:type\" content=\"article\" \/>\n<meta property=\"og:title\" content=\"Hoteles en Par\u00eds, Marsella y Bruselas, 3 y 4 estrellas | New Hotel\" \/>\n<meta property=\"og:description\" content=\"Cada uno de los 9 hoteles es \u00fanico y est\u00e1 impregnado de la atm\u00f3sfera de una ciudad, un barrio, una \u00e9poca. Todos ellos se benefician de una ubicaci\u00f3n excepcional en las ciudades de Par\u00eds, Marsella y Bruselas.\" \/>\n<meta property=\"og:url\" content=\"https:\/\/www.new-hotel.com\/es\/\" \/>\n<meta property=\"og:site_name\" content=\"New Hotel\" \/>\n<meta property=\"article:publisher\" content=\"https:\/\/www.facebook.com\/newhotelgroup\" \/>\n<meta property=\"article:modified_time\" content=\"2026-04-01T10:01:48+00:00\" \/>\n<meta name=\"twitter:card\" content=\"summary_large_image\" \/>\n<script type=\"application\/ld+json\" class=\"yoast-schema-graph\">{\"@context\":\"https:\/\/schema.org\",\"@graph\":[{\"@type\":\"WebPage\",\"@id\":\"https:\/\/www.new-hotel.com\/es\/\",\"url\":\"https:\/\/www.new-hotel.com\/es\/\",\"name\":\"Hoteles en Par\u00eds, Marsella y Bruselas, 3 y 4 estrellas | New Hotel\",\"isPartOf\":{\"@id\":\"https:\/\/www.new-hotel.com\/es\/#website\"},\"datePublished\":\"2024-04-15T07:38:14+00:00\",\"dateModified\":\"2026-04-01T10:01:48+00:00\",\"description\":\"Cada uno de los 9 hoteles es \u00fanico y est\u00e1 impregnado de la atm\u00f3sfera de una ciudad, un barrio, una \u00e9poca. Todos ellos se benefician de una ubicaci\u00f3n excepcional en las ciudades de Par\u00eds, Marsella y Bruselas.\",\"breadcrumb\":{\"@id\":\"https:\/\/www.new-hotel.com\/es\/#breadcrumb\"},\"inLanguage\":\"es\",\"potentialAction\":[{\"@type\":\"ReadAction\",\"target\":[\"https:\/\/www.new-hotel.com\/es\/\"]}]},{\"@type\":\"BreadcrumbList\",\"@id\":\"https:\/\/www.new-hotel.com\/es\/#breadcrumb\",\"itemListElement\":[{\"@type\":\"ListItem\",\"position\":1,\"name\":\"Home\",\"item\":\"https:\/\/www.new-hotel.com\/es\/\"},{\"@type\":\"ListItem\",\"position\":2,\"name\":\"P\u00e1gina de inicio\"}]},{\"@type\":\"WebSite\",\"@id\":\"https:\/\/www.new-hotel.com\/es\/#website\",\"url\":\"https:\/\/www.new-hotel.com\/es\/\",\"name\":\"New Hotel\",\"description\":\"\",\"publisher\":{\"@id\":\"https:\/\/www.new-hotel.com\/es\/#organization\"},\"potentialAction\":[{\"@type\":\"SearchAction\",\"target\":{\"@type\":\"EntryPoint\",\"urlTemplate\":\"https:\/\/www.new-hotel.com\/es\/?s={search_term_string}\"},\"query-input\":{\"@type\":\"PropertyValueSpecification\",\"valueRequired\":true,\"valueName\":\"search_term_string\"}}],\"inLanguage\":\"es\"},{\"@type\":\"Organization\",\"@id\":\"https:\/\/www.new-hotel.com\/es\/#organization\",\"name\":\"New Hotel\",\"url\":\"https:\/\/www.new-hotel.com\/es\/\",\"logo\":{\"@type\":\"ImageObject\",\"inLanguage\":\"es\",\"@id\":\"https:\/\/www.new-hotel.com\/es\/#\/schema\/logo\/image\/\",\"url\":\"https:\/\/www.new-hotel.com\/wp-content\/uploads\/2024\/09\/logo-new-hotel.jpg\",\"contentUrl\":\"https:\/\/www.new-hotel.com\/wp-content\/uploads\/2024\/09\/logo-new-hotel.jpg\",\"width\":1772,\"height\":1772,\"caption\":\"New Hotel\"},\"image\":{\"@id\":\"https:\/\/www.new-hotel.com\/es\/#\/schema\/logo\/image\/\"},\"sameAs\":[\"https:\/\/www.facebook.com\/newhotelgroup\",\"https:\/\/www.instagram.com\/newhotelgroup\/\"]}]}<\/script>\n<!-- \/ Yoast SEO plugin. -->","yoast_head_json":{"title":"Hoteles en Par\u00eds, Marsella y Bruselas, 3 y 4 estrellas | New Hotel","description":"Cada uno de los 9 hoteles es \u00fanico y est\u00e1 impregnado de la atm\u00f3sfera de una ciudad, un barrio, una \u00e9poca. Todos ellos se benefician de una ubicaci\u00f3n excepcional en las ciudades de Par\u00eds, Marsella y Bruselas.","robots":{"index":"index","follow":"follow","max-snippet":"max-snippet:-1","max-image-preview":"max-image-preview:large","max-video-preview":"max-video-preview:-1"},"canonical":"https:\/\/www.new-hotel.com\/es\/","og_locale":"es_ES","og_type":"article","og_title":"Hoteles en Par\u00eds, Marsella y Bruselas, 3 y 4 estrellas | New Hotel","og_description":"Cada uno de los 9 hoteles es \u00fanico y est\u00e1 impregnado de la atm\u00f3sfera de una ciudad, un barrio, una \u00e9poca. Todos ellos se benefician de una ubicaci\u00f3n excepcional en las ciudades de Par\u00eds, Marsella y Bruselas.","og_url":"https:\/\/www.new-hotel.com\/es\/","og_site_name":"New Hotel","article_publisher":"https:\/\/www.facebook.com\/newhotelgroup","article_modified_time":"2026-04-01T10:01:48+00:00","twitter_card":"summary_large_image","schema":{"@context":"https:\/\/schema.org","@graph":[{"@type":"WebPage","@id":"https:\/\/www.new-hotel.com\/es\/","url":"https:\/\/www.new-hotel.com\/es\/","name":"Hoteles en Par\u00eds, Marsella y Bruselas, 3 y 4 estrellas | New Hotel","isPartOf":{"@id":"https:\/\/www.new-hotel.com\/es\/#website"},"datePublished":"2024-04-15T07:38:14+00:00","dateModified":"2026-04-01T10:01:48+00:00","description":"Cada uno de los 9 hoteles es \u00fanico y est\u00e1 impregnado de la atm\u00f3sfera de una ciudad, un barrio, una \u00e9poca. Todos ellos se benefician de una ubicaci\u00f3n excepcional en las ciudades de Par\u00eds, Marsella y Bruselas.","breadcrumb":{"@id":"https:\/\/www.new-hotel.com\/es\/#breadcrumb"},"inLanguage":"es","potentialAction":[{"@type":"ReadAction","target":["https:\/\/www.new-hotel.com\/es\/"]}]},{"@type":"BreadcrumbList","@id":"https:\/\/www.new-hotel.com\/es\/#breadcrumb","itemListElement":[{"@type":"ListItem","position":1,"name":"Home","item":"https:\/\/www.new-hotel.com\/es\/"},{"@type":"ListItem","position":2,"name":"P\u00e1gina de inicio"}]},{"@type":"WebSite","@id":"https:\/\/www.new-hotel.com\/es\/#website","url":"https:\/\/www.new-hotel.com\/es\/","name":"New Hotel","description":"","publisher":{"@id":"https:\/\/www.new-hotel.com\/es\/#organization"},"potentialAction":[{"@type":"SearchAction","target":{"@type":"EntryPoint","urlTemplate":"https:\/\/www.new-hotel.com\/es\/?s={search_term_string}"},"query-input":{"@type":"PropertyValueSpecification","valueRequired":true,"valueName":"search_term_string"}}],"inLanguage":"es"},{"@type":"Organization","@id":"https:\/\/www.new-hotel.com\/es\/#organization","name":"New Hotel","url":"https:\/\/www.new-hotel.com\/es\/","logo":{"@type":"ImageObject","inLanguage":"es","@id":"https:\/\/www.new-hotel.com\/es\/#\/schema\/logo\/image\/","url":"https:\/\/www.new-hotel.com\/wp-content\/uploads\/2024\/09\/logo-new-hotel.jpg","contentUrl":"https:\/\/www.new-hotel.com\/wp-content\/uploads\/2024\/09\/logo-new-hotel.jpg","width":1772,"height":1772,"caption":"New Hotel"},"image":{"@id":"https:\/\/www.new-hotel.com\/es\/#\/schema\/logo\/image\/"},"sameAs":["https:\/\/www.facebook.com\/newhotelgroup","https:\/\/www.instagram.com\/newhotelgroup\/"]}]}},"_links":{"self":[{"href":"https:\/\/www.new-hotel.com\/es\/wp-json\/wp\/v2\/pages\/2188","targetHints":{"allow":["GET"]}}],"collection":[{"href":"https:\/\/www.new-hotel.com\/es\/wp-json\/wp\/v2\/pages"}],"about":[{"href":"https:\/\/www.new-hotel.com\/es\/wp-json\/wp\/v2\/types\/page"}],"author":[{"embeddable":true,"href":"https:\/\/www.new-hotel.com\/es\/wp-json\/wp\/v2\/users\/6"}],"replies":[{"embeddable":true,"href":"https:\/\/www.new-hotel.com\/es\/wp-json\/wp\/v2\/comments?post=2188"}],"version-history":[{"count":35,"href":"https:\/\/www.new-hotel.com\/es\/wp-json\/wp\/v2\/pages\/2188\/revisions"}],"predecessor-version":[{"id":4468,"href":"https:\/\/www.new-hotel.com\/es\/wp-json\/wp\/v2\/pages\/2188\/revisions\/4468"}],"wp:attachment":[{"href":"https:\/\/www.new-hotel.com\/es\/wp-json\/wp\/v2\/media?parent=2188"}],"curies":[{"name":"wp","href":"https:\/\/api.w.org\/{rel}","templated":true}]}}